{"id":2797,"date":"2026-03-17T20:16:37","date_gmt":"2026-03-17T20:16:37","guid":{"rendered":"https:\/\/belloodonto.ifunnel.com.br\/protese\/?page_id=2797"},"modified":"2026-03-24T19:02:29","modified_gmt":"2026-03-24T19:02:29","slug":"contato","status":"publish","type":"page","link":"https:\/\/belloodonto.ifunnel.com.br\/protese\/contato\/","title":{"rendered":"8 &#8211; Contato"},"content":{"rendered":"\t\t<div data-elementor-type=\"wp-page\" data-elementor-id=\"2797\" class=\"elementor elementor-2797\" data-elementor-post-type=\"page\">\n\t\t\t\t<div class=\"elementor-element elementor-element-9bbff85 e-flex e-con-boxed e-con e-parent\" data-id=\"9bbff85\" data-element_type=\"container\" data-e-type=\"container\">\n\t\t\t\t\t<div class=\"e-con-inner\">\n\t\t\t\t<div class=\"elementor-element elementor-element-20c8f29 elementor-widget elementor-widget-html\" data-id=\"20c8f29\" data-element_type=\"widget\" data-e-type=\"widget\" data-widget_type=\"html.default\">\n\t\t\t\t<div class=\"elementor-widget-container\">\n\t\t\t\t\t<script>\r\n\/\/ L\u00ea todos os par\u00e2metros acumulados at\u00e9 aqui\r\nconst params = new URLSearchParams(window.location.search);\r\nconst queryAtual = params.toString();\r\n\r\ndocument.addEventListener('DOMContentLoaded', function () {\r\n  const botoes = document.querySelectorAll('.elementor-icon-list-item a');\r\n  botoes.forEach(function (botao) {\r\n    const url = botao.getAttribute('href');\r\n    if (!url) return;\r\n    const sep = url.includes('?') ? '&' : '?';\r\n    botao.setAttribute('href', url + sep + queryAtual);\r\n  });\r\n});\r\n<\/script>\t\t\t\t<\/div>\n\t\t\t\t<\/div>\n\t\t\t\t\t<\/div>\n\t\t\t\t<\/div>\n\t\t\t\t<section class=\"elementor-section elementor-top-section elementor-element elementor-element-7ad4d67f elementor-section-boxed elementor-section-height-default elementor-section-height-default\" data-id=\"7ad4d67f\" data-element_type=\"section\" data-e-type=\"section\" data-settings=\"{&quot;background_background&quot;:&quot;classic&quot;}\">\n\t\t\t\t\t\t<div class=\"elementor-container elementor-column-gap-default\">\n\t\t\t\t\t<div class=\"elementor-column elementor-col-100 elementor-top-column elementor-element elementor-element-43ad1262\" data-id=\"43ad1262\" data-element_type=\"column\" data-e-type=\"column\">\n\t\t\t<div class=\"elementor-widget-wrap elementor-element-populated\">\n\t\t\t\t\t\t<section class=\"elementor-section elementor-inner-section elementor-element elementor-element-43780e8a elementor-section-boxed elementor-section-height-default elementor-section-height-default\" data-id=\"43780e8a\" data-element_type=\"section\" data-e-type=\"section\">\n\t\t\t\t\t\t<div class=\"elementor-container elementor-column-gap-default\">\n\t\t\t\t\t<div class=\"elementor-column elementor-col-100 elementor-inner-column elementor-element elementor-element-14f4aaf0\" data-id=\"14f4aaf0\" data-element_type=\"column\" data-e-type=\"column\" id=\"lista-enviar-quiz\" data-settings=\"{&quot;background_background&quot;:&quot;classic&quot;}\">\n\t\t\t<div class=\"elementor-widget-wrap elementor-element-populated\">\n\t\t\t\t\t\t<div class=\"elementor-element elementor-element-a7e5c6b elementor-widget elementor-widget-html\" data-id=\"a7e5c6b\" data-element_type=\"widget\" data-e-type=\"widget\" data-widget_type=\"html.default\">\n\t\t\t\t<div class=\"elementor-widget-container\">\n\t\t\t\t\t<script>\r\ndocument.addEventListener('DOMContentLoaded', function () {\r\n\r\n  const params = new URLSearchParams(window.location.search);\r\n\r\n  function traduz(valor) {\r\n    const textos = {\r\n      protese_machuca: 'Minha pr\u00f3tese machuca ou n\u00e3o encaixa bem',\r\n      aparece_ferro: 'O ferro (grampo) aparece quando sorrio',\r\n      perdeu_recente: 'Perdi um ou mais dentes recentemente',\r\n      protese_antiga: 'Tenho uma pr\u00f3tese antiga e quero melhorar',\r\n\r\n      manha_semana: 'Manh\u00e3 durante a semana',\r\n      tarde_semana: 'Tarde durante a semana',\r\n      sabado: 'Apenas s\u00e1bado',\r\n      flexivel: 'Tenho flexibilidade de hor\u00e1rio'\r\n    };\r\n    return textos[valor] || valor;\r\n  }\r\n\r\n  const situacao = traduz(params.get('p1'));\r\n  const disponibilidade = traduz(params.get('p6'));\r\n\r\n  let msg = '*Ol\u00e1! Vim pelo diagn\u00f3stico de pr\u00f3tese* \ud83d\ude0a%0A%0A';\r\n  msg += '*\ud83d\udd0e Minha situa\u00e7\u00e3o:*%0A';\r\n  msg += '\u2022 ' + situacao + '%0A%0A';\r\n  msg += '*\ud83d\udcc5 Quando posso ir:*%0A';\r\n  msg += '\u2022 ' + disponibilidade + '%0A%0A';\r\n  msg += '\ud83d\udc49 Gostaria de agendar minha avalia\u00e7\u00e3o.';\r\n\r\n  \/\/ Disparo de evento Lead\r\n  if (typeof fbq !== 'undefined') {\r\n    fbq('track', 'Lead');\r\n\r\n    fbq('trackCustom', 'QuizPerfil', {\r\n      situacao: params.get('p1'),\r\n      disponibilidade: params.get('p6')\r\n    });\r\n  }\r\n\r\n  \/\/ Redirecionamento autom\u00e1tico\r\n  setTimeout(function() {\r\n    window.location.href = 'https:\/\/wa.me\/5511958445770?text=' + msg;\r\n  }, 1200);\r\n\r\n});\r\n<\/script>\t\t\t\t<\/div>\n\t\t\t\t<\/div>\n\t\t\t\t\t<\/div>\n\t\t<\/div>\n\t\t\t\t\t<\/div>\n\t\t<\/section>\n\t\t\t\t\t<\/div>\n\t\t<\/div>\n\t\t\t\t\t<\/div>\n\t\t<\/section>\n\t\t\t\t<\/div>\n\t\t","protected":false},"excerpt":{"rendered":"","protected":false},"author":1,"featured_media":0,"parent":0,"menu_order":0,"comment_status":"closed","ping_status":"closed","template":"elementor_canvas","meta":{"footnotes":""},"class_list":["post-2797","page","type-page","status-publish","hentry"],"_links":{"self":[{"href":"https:\/\/belloodonto.ifunnel.com.br\/protese\/wp-json\/wp\/v2\/pages\/2797","targetHints":{"allow":["GET"]}}],"collection":[{"href":"https:\/\/belloodonto.ifunnel.com.br\/protese\/wp-json\/wp\/v2\/pages"}],"about":[{"href":"https:\/\/belloodonto.ifunnel.com.br\/protese\/wp-json\/wp\/v2\/types\/page"}],"author":[{"embeddable":true,"href":"https:\/\/belloodonto.ifunnel.com.br\/protese\/wp-json\/wp\/v2\/users\/1"}],"replies":[{"embeddable":true,"href":"https:\/\/belloodonto.ifunnel.com.br\/protese\/wp-json\/wp\/v2\/comments?post=2797"}],"version-history":[{"count":28,"href":"https:\/\/belloodonto.ifunnel.com.br\/protese\/wp-json\/wp\/v2\/pages\/2797\/revisions"}],"predecessor-version":[{"id":2897,"href":"https:\/\/belloodonto.ifunnel.com.br\/protese\/wp-json\/wp\/v2\/pages\/2797\/revisions\/2897"}],"wp:attachment":[{"href":"https:\/\/belloodonto.ifunnel.com.br\/protese\/wp-json\/wp\/v2\/media?parent=2797"}],"curies":[{"name":"wp","href":"https:\/\/api.w.org\/{rel}","templated":true}]}}